{"id":10408,"date":"2021-05-24T10:03:13","date_gmt":"2021-05-24T08:03:13","guid":{"rendered":"https:\/\/new.les-detecteurs.com\/home\/"},"modified":"2025-08-26T09:38:37","modified_gmt":"2025-08-26T07:38:37","slug":"men","status":"publish","type":"page","link":"https:\/\/www.les-detecteurs.com\/en\/","title":{"rendered":"Home"},"content":{"rendered":"\t\t<div data-elementor-type=\"wp-page\" data-elementor-id=\"10408\" class=\"elementor elementor-10408 elementor-1023\">\n\t\t\t\t<div class=\"elementor-element elementor-element-99422fd e-con-full e-flex e-con e-parent\" data-id=\"99422fd\" data-element_type=\"container\" data-settings=\"{&quot;background_background&quot;:&quot;classic&quot;}\">\n\t\t<div class=\"elementor-element elementor-element-5f915f3 e-con-full e-flex e-con e-child\" data-id=\"5f915f3\" data-element_type=\"container\">\n\t\t\t\t<div class=\"elementor-element elementor-element-46e59d0 elementor-widget elementor-widget-slider_revolution\" data-id=\"46e59d0\" data-element_type=\"widget\" data-widget_type=\"slider_revolution.default\">\n\t\t\t\t<div class=\"elementor-widget-container\">\n\t\t\t\t\t\n\t\t<div class=\"wp-block-themepunch-revslider\">\n\t\t\t\t<p class=\"rs-p-wp-fix\"><\/p>\n\t\t\t\t<sr7-module data-alias=\"slider-1\" data-id=\"9\" id=\"SR7_9_1\" class=\"rs-ov-hidden\" data-version=\"6.7.29\">\n\t\t\t\t\t<sr7-adjuster><\/sr7-adjuster>\n\t\t\t\t\t<sr7-content>\n\t\t\t\t\t\t<sr7-slide id=\"SR7_9_1-29\" data-key=\"29\">\n\t\t\t\t\t\t\t<sr7-txt id=\"SR7_9_1-29-2\" class=\"sr7-layer\">+<\/sr7-txt>\n\t\t\t\t\t\t\t<sr7-txt id=\"SR7_9_1-29-5\" class=\"sr7-layer\">Offered<\/sr7-txt>\n\t\t\t\t\t\t\t<a id=\"SR7_9_1-29-7\" class=\"sr7-layer\" href=\"\/en\/product\/equinox-900\/\" target=\"_self\">Buy now<\/a>\n\t\t\t\t\t\t<\/sr7-slide>\n\t\t\t\t\t\t<sr7-slide id=\"SR7_9_1-28\" data-key=\"28\">\n\t\t\t\t\t\t<\/sr7-slide>\n\t\t\t\t\t<\/sr7-content>\n\t\t\t\t\t<image_lists style=\"display:none\">\n\t\t\t\t\t\t<img data-src=\"\/\/www.les-detecteurs.com\/wp-content\/uploads\/2024\/10\/Equinox-900-master.png\" data-libid=\"20308\" data-lib=\"medialibrary\" title=\"Equinox-900-master\" width=\"0\" height=\"0\" data-dbsrc=\"Ly93d3cubGVzLWRldGVjdGV1cnMuY29tL3dwLWNvbnRlbnQvdXBsb2Fkcy8yMDI0LzEwL0VxdWlub3gtOTAwLW1hc3Rlci5wbmc=\"\/>\n\t\t\t\t\t\t<img data-src=\"\/\/www.les-detecteurs.com\/wp-content\/uploads\/2024\/10\/EQUINOX-900-logo-colour.png\" data-libid=\"20311\" data-lib=\"medialibrary\" title=\"EQUINOX-900-logo-colour\" width=\"0\" height=\"0\" data-dbsrc=\"Ly93d3cubGVzLWRldGVjdGV1cnMuY29tL3dwLWNvbnRlbnQvdXBsb2Fkcy8yMDI0LzEwL0VRVUlOT1gtOTAwLWxvZ28tY29sb3VyLnBuZw==\"\/>\n\t\t\t\t\t\t<img data-src=\"\/\/www.les-detecteurs.com\/wp-content\/uploads\/2024\/10\/PRO-FIND-40-logo.png\" data-libid=\"20317\" data-lib=\"medialibrary\" title=\"PRO-FIND-40-logo\" width=\"0\" height=\"0\" data-dbsrc=\"Ly93d3cubGVzLWRldGVjdGV1cnMuY29tL3dwLWNvbnRlbnQvdXBsb2Fkcy8yMDI0LzEwL1BSTy1GSU5ELTQwLWxvZ28ucG5n\"\/>\n\t\t\t\t\t\t<img loading=\"lazy\" data-src=\"\/\/www.les-detecteurs.com\/wp-content\/uploads\/2024\/10\/pro-find40_web.png\" data-libid=\"20314\" data-lib=\"medialibrary\" title=\"pro-find40_web\" width=\"0\" height=\"0\" data-dbsrc=\"Ly93d3cubGVzLWRldGVjdGV1cnMuY29tL3dwLWNvbnRlbnQvdXBsb2Fkcy8yMDI0LzEwL3Byby1maW5kNDBfd2ViLnBuZw==\"\/>\n\t\t\t\t\t<\/image_lists>\n\t\t\t\t<\/sr7-module>\n\t\t\t\t<script>\n\t\t\t\t\tSR7.PMH ??={}; SR7.PMH[\"SR7_9_1\"] = {cn:100,state:false,fn: function() { if (_tpt!==undefined && _tpt.prepareModuleHeight !== undefined) {  _tpt.prepareModuleHeight({id:\"SR7_9_1\",el:[500,500,768,960,720],type:'standard',shdw:'0',gh:[500,500,413,314,194],gw:[1240,1240,1024,778,480],vpt:['-100px'],size:{fullWidth:true, fullHeight:false},mh:'0',onh:0,onw:0,bg:{color:'{\"orig\":\"transparent\",\"type\":\"solid\",\"string\":\"transparent\"}'}});   SR7.PMH[\"SR7_9_1\"].state=true;} else if(SR7.PMH[\"SR7_9_1\"].cn-->0)\tsetTimeout( SR7.PMH[\"SR7_9_1\"].fn,19);}};SR7.PMH[\"SR7_9_1\" ].fn();\n\t\t\t\t<\/script>\n<\/div>\n\n\t\t\t\t\t\t<\/div>\n\t\t\t\t<\/div>\n\t\t\t\t<\/div>\n\t\t\t\t<\/div>\n\t\t<div class=\"elementor-element elementor-element-4ea8cda e-flex e-con-boxed e-con e-parent\" data-id=\"4ea8cda\" data-element_type=\"container\">\n\t\t\t\t\t<div class=\"e-con-inner\">\n\t\t<div class=\"elementor-element elementor-element-a0a1d32 e-flex e-con-boxed e-con e-child\" data-id=\"a0a1d32\" data-element_type=\"container\">\n\t\t\t\t\t<div class=\"e-con-inner\">\n\t\t\t\t<div class=\"elementor-element elementor-element-f1ae3c9 elementor-widget elementor-widget-ts-logos\" data-id=\"f1ae3c9\" data-element_type=\"widget\" data-widget_type=\"ts-logos.default\">\n\t\t\t\t<div class=\"elementor-widget-container\">\n\t\t\t\t\t\t\t\t<div class=\"ts-elementor-lazy-load type-logo\">\n\t\t\t\t\t\t\t\n\t\t\t\t<div class=\"placeholder-items columns-5 is-slider rows-1\" style=\"--lazy-cols: 5\">\n\t\t\t\t\t\t\t\t<\/div>\n\t\t\t\t\n\t\t\t\t\t\t\t<\/div>\n\t\t\t\t\t\t\t<\/div>\n\t\t\t\t<\/div>\n\t\t\t\t\t<\/div>\n\t\t\t\t<\/div>\n\t\t\t\t\t<\/div>\n\t\t\t\t<\/div>\n\t\t<div class=\"elementor-element elementor-element-29c4297 e-flex e-con-boxed e-con e-parent\" data-id=\"29c4297\" data-element_type=\"container\">\n\t\t\t\t\t<div class=\"e-con-inner\">\n\t\t\t\t<div class=\"elementor-element elementor-element-edb3e05 elementor-widget elementor-widget-ts-products\" data-id=\"edb3e05\" data-element_type=\"widget\" data-widget_type=\"ts-products.default\">\n\t\t\t\t<div class=\"elementor-widget-container\">\n\t\t\t\t\t\t\t<div class=\"ts-product-wrapper ts-shortcode ts-product woocommerce columns-4 recent grid border-show\" style=\"--ts-columns: 4\" >\n\t\t\n\t\t\t\t\t\t\t\n\t\t\t<div class=\"content-wrapper \">\n\t\t\t\n\t\t\t\t<div class=\"products\">\r\n\r\n<section class=\"product type-product post-10632 status-publish first onbackorder product_cat-metal-detectors product_cat-offers-promotions has-post-thumbnail taxable shipping-taxable product-type-simple\" data-product_id=\"10632\">\r\n\t<div class=\"product-wrapper\">\r\n\t\t\t\r\n\t\t<div class=\"thumbnail-wrapper\">\r\n\t\t\t<a href=\"https:\/\/www.les-detecteurs.com\/en\/product\/equinox-900\/\">\r\n\t\t\t\t<figure class=\"no-back-image\"><img decoding=\"async\" src=\"\" data-src=\"https:\/\/www.les-detecteurs.com\/wp-content\/uploads\/2024\/08\/equinox-900-featured.webp\" class=\"attachment-shop_catalog wp-post-image ts-lazy-load\" alt=\"\" width=\"1200\" height=\"\" \/><\/figure>\t\t\t<\/a>\r\n\t\t\t\t\t<div class=\"product-label on-thumbnail\">\n\t\t<\/div>\n\t<div class=\"product-group-button\"><div class=\"button-in quickshop\"><a class=\"quickshop\" href=\"#\" data-product_id=\"10632\"><span class=\"ts-tooltip button-tooltip\">Quick View<\/span><\/a><\/div><\/div>\t\t<\/div>\r\n\t\t<div class=\"meta-wrapper\">\r\n\t\t\t<div class=\"product-categories\"><span>Categories: <\/span><a href=\"https:\/\/www.les-detecteurs.com\/en\/category\/detectors\/metal-detectors\/\" rel=\"tag\">Metal detectors<\/a>, <a href=\"https:\/\/www.les-detecteurs.com\/en\/category\/offers-promotions\/\" rel=\"tag\">Offers and promotions<\/a><\/div><h3 class=\"heading-title product-name\"><a href=\"https:\/\/www.les-detecteurs.com\/en\/product\/equinox-900\/\">EQUINOX 900<\/a><\/h3>\n<div class=\"product-group-button-meta\"><div class=\"loop-add-to-cart\"><a href=\"https:\/\/www.les-detecteurs.com\/en\/product\/equinox-900\/\" data-quantity=\"1\" class=\"button product_type_simple\" data-product_id=\"10632\" data-product_sku=\"\" aria-label=\"Read more about &ldquo;EQUINOX 900&rdquo;\" rel=\"nofollow\" data-success_message=\"\"><span class=\"ts-tooltip button-tooltip\">Read more<\/span><\/a><\/div><\/div>\t\t<\/div>\r\n\t<\/div>\r\n<\/section>\r\n<section class=\"product type-product post-10520 status-publish instock product_cat-metal-detectors product_cat-offers-promotions has-post-thumbnail taxable shipping-taxable purchasable product-type-simple\" data-product_id=\"10520\">\r\n\t<div class=\"product-wrapper\">\r\n\t\t\t\r\n\t\t<div class=\"thumbnail-wrapper\">\r\n\t\t\t<a href=\"https:\/\/www.les-detecteurs.com\/en\/product\/findx\/\">\r\n\t\t\t\t<figure class=\"no-back-image\"><img decoding=\"async\" src=\"\" data-src=\"https:\/\/www.les-detecteurs.com\/wp-content\/uploads\/2024\/08\/find-x-featured.webp\" class=\"attachment-shop_catalog wp-post-image ts-lazy-load\" alt=\"\" width=\"1200\" height=\"\" \/><\/figure>\t\t\t<\/a>\r\n\t\t\t\t\t<div class=\"product-label on-thumbnail\">\n\t\t<\/div>\n\t<div class=\"product-group-button\"><div class=\"button-in quickshop\"><a class=\"quickshop\" href=\"#\" data-product_id=\"10520\"><span class=\"ts-tooltip button-tooltip\">Quick View<\/span><\/a><\/div><\/div>\t\t<\/div>\r\n\t\t<div class=\"meta-wrapper\">\r\n\t\t\t<div class=\"product-categories\"><span>Categories: <\/span><a href=\"https:\/\/www.les-detecteurs.com\/en\/category\/detectors\/metal-detectors\/\" rel=\"tag\">Metal detectors<\/a>, <a href=\"https:\/\/www.les-detecteurs.com\/en\/category\/offers-promotions\/\" rel=\"tag\">Offers and promotions<\/a><\/div><h3 class=\"heading-title product-name\"><a href=\"https:\/\/www.les-detecteurs.com\/en\/product\/findx\/\">Nokta Findx<\/a><\/h3>\n\t<span class=\"price\"><span class=\"woocommerce-Price-amount amount\"><bdi>1 500,00&nbsp;<span class=\"woocommerce-Price-currencySymbol\">DT<\/span><\/bdi><\/span><\/span>\n<div class=\"product-group-button-meta\"><div class=\"loop-add-to-cart\"><a href=\"\/en\/wp-json\/wp\/v2\/pages\/10408?add-to-cart=10520\" data-quantity=\"1\" class=\"button product_type_simple add_to_cart_button ajax_add_to_cart\" data-product_id=\"10520\" data-product_sku=\"\" aria-label=\"Add to cart: &ldquo;Nokta Findx&rdquo;\" rel=\"nofollow\" data-success_message=\"&ldquo;Nokta Findx&rdquo; has been added to your cart\" role=\"button\"><span class=\"ts-tooltip button-tooltip\">Add to cart<\/span><\/a><\/div><\/div>\t\t<\/div>\r\n\t<\/div>\r\n<\/section>\r\n<section class=\"product type-product post-10590 status-publish instock product_cat-metal-detectors product_cat-offers-promotions has-post-thumbnail taxable shipping-taxable product-type-variable has-default-attributes\" data-product_id=\"10590\">\r\n\t<div class=\"product-wrapper\">\r\n\t\t\t\r\n\t\t<div class=\"thumbnail-wrapper\">\r\n\t\t\t<a href=\"https:\/\/www.les-detecteurs.com\/en\/product\/vanquish-540\/\">\r\n\t\t\t\t<figure class=\"no-back-image\"><img decoding=\"async\" src=\"\" data-src=\"https:\/\/www.les-detecteurs.com\/wp-content\/uploads\/2024\/08\/vanquish-540-featured.webp\" class=\"attachment-shop_catalog wp-post-image ts-lazy-load\" alt=\"\" width=\"1200\" height=\"\" \/><\/figure>\t\t\t<\/a>\r\n\t\t\t\t\t<div class=\"product-label on-thumbnail\">\n\t\t<\/div>\n\t<div class=\"product-group-button\"><div class=\"button-in quickshop\"><a class=\"quickshop\" href=\"#\" data-product_id=\"10590\"><span class=\"ts-tooltip button-tooltip\">Quick View<\/span><\/a><\/div><\/div>\t\t<\/div>\r\n\t\t<div class=\"meta-wrapper\">\r\n\t\t\t<div class=\"product-categories\"><span>Categories: <\/span><a href=\"https:\/\/www.les-detecteurs.com\/en\/category\/detectors\/metal-detectors\/\" rel=\"tag\">Metal detectors<\/a>, <a href=\"https:\/\/www.les-detecteurs.com\/en\/category\/offers-promotions\/\" rel=\"tag\">Offers and promotions<\/a><\/div><h3 class=\"heading-title product-name\"><a href=\"https:\/\/www.les-detecteurs.com\/en\/product\/vanquish-540\/\">Vanquish 540<\/a><\/h3>\n<div class=\"product-group-button-meta\"><div class=\"loop-add-to-cart\"><a href=\"https:\/\/www.les-detecteurs.com\/en\/product\/vanquish-540\/\" data-quantity=\"1\" class=\"button product_type_variable\" data-product_id=\"10590\" data-product_sku=\"\" aria-label=\"Select options for &ldquo;Vanquish 540&rdquo;\" rel=\"nofollow\"><span class=\"ts-tooltip button-tooltip\">Read more<\/span><\/a><\/div><\/div>\t\t<\/div>\r\n\t<\/div>\r\n<\/section>\r\n<section class=\"product type-product post-10584 status-publish last instock product_cat-metal-detectors product_cat-offers-promotions has-post-thumbnail taxable shipping-taxable purchasable product-type-variable has-default-attributes\" data-product_id=\"10584\">\r\n\t<div class=\"product-wrapper\">\r\n\t\t\t\r\n\t\t<div class=\"thumbnail-wrapper\">\r\n\t\t\t<a href=\"https:\/\/www.les-detecteurs.com\/en\/product\/x-terra-elite\/\">\r\n\t\t\t\t<figure class=\"no-back-image\"><img decoding=\"async\" src=\"\" data-src=\"https:\/\/www.les-detecteurs.com\/wp-content\/uploads\/2024\/08\/x-terra-elite-featured.webp\" class=\"attachment-shop_catalog wp-post-image ts-lazy-load\" alt=\"\" width=\"1200\" height=\"\" \/><\/figure>\t\t\t<\/a>\r\n\t\t\t\t\t<div class=\"product-label on-thumbnail\">\n\t\t<\/div>\n\t<div class=\"product-group-button\"><div class=\"button-in quickshop\"><a class=\"quickshop\" href=\"#\" data-product_id=\"10584\"><span class=\"ts-tooltip button-tooltip\">Quick View<\/span><\/a><\/div><\/div>\t\t<\/div>\r\n\t\t<div class=\"meta-wrapper\">\r\n\t\t\t<div class=\"product-categories\"><span>Categories: <\/span><a href=\"https:\/\/www.les-detecteurs.com\/en\/category\/detectors\/metal-detectors\/\" rel=\"tag\">Metal detectors<\/a>, <a href=\"https:\/\/www.les-detecteurs.com\/en\/category\/offers-promotions\/\" rel=\"tag\">Offers and promotions<\/a><\/div><h3 class=\"heading-title product-name\"><a href=\"https:\/\/www.les-detecteurs.com\/en\/product\/x-terra-elite\/\">Minelab X-Terra Elite<\/a><\/h3>\n\t<span class=\"price\"><span class=\"woocommerce-Price-amount amount\"><bdi>3 400,00&nbsp;<span class=\"woocommerce-Price-currencySymbol\">DT<\/span><\/bdi><\/span><\/span>\n<div class=\"product-group-button-meta\"><div class=\"loop-add-to-cart\"><a href=\"https:\/\/www.les-detecteurs.com\/en\/product\/x-terra-elite\/\" data-quantity=\"1\" class=\"button product_type_variable add_to_cart_button\" data-product_id=\"10584\" data-product_sku=\"\" aria-label=\"Select options for &ldquo;Minelab X-Terra Elite&rdquo;\" rel=\"nofollow\"><span class=\"ts-tooltip button-tooltip\">Select options<\/span><\/a><\/div><\/div>\t\t<\/div>\r\n\t<\/div>\r\n<\/section>\r\n<section class=\"product type-product post-10596 status-publish first onbackorder product_cat-metal-detectors product_cat-offers-promotions has-post-thumbnail taxable shipping-taxable product-type-simple\" data-product_id=\"10596\">\r\n\t<div class=\"product-wrapper\">\r\n\t\t\t\r\n\t\t<div class=\"thumbnail-wrapper\">\r\n\t\t\t<a href=\"https:\/\/www.les-detecteurs.com\/en\/product\/x-terra-pro\/\">\r\n\t\t\t\t<figure class=\"no-back-image\"><img decoding=\"async\" src=\"\" data-src=\"https:\/\/www.les-detecteurs.com\/wp-content\/uploads\/2024\/08\/x-terra-pro-featured.webp\" class=\"attachment-shop_catalog wp-post-image ts-lazy-load\" alt=\"\" width=\"1200\" height=\"\" \/><\/figure>\t\t\t<\/a>\r\n\t\t\t\t\t<div class=\"product-label on-thumbnail\">\n\t\t<\/div>\n\t<div class=\"product-group-button\"><div class=\"button-in quickshop\"><a class=\"quickshop\" href=\"#\" data-product_id=\"10596\"><span class=\"ts-tooltip button-tooltip\">Quick View<\/span><\/a><\/div><\/div>\t\t<\/div>\r\n\t\t<div class=\"meta-wrapper\">\r\n\t\t\t<div class=\"product-categories\"><span>Categories: <\/span><a href=\"https:\/\/www.les-detecteurs.com\/en\/category\/detectors\/metal-detectors\/\" rel=\"tag\">Metal detectors<\/a>, <a href=\"https:\/\/www.les-detecteurs.com\/en\/category\/offers-promotions\/\" rel=\"tag\">Offers and promotions<\/a><\/div><h3 class=\"heading-title product-name\"><a href=\"https:\/\/www.les-detecteurs.com\/en\/product\/x-terra-pro\/\">X-TERRA PRO<\/a><\/h3>\n<div class=\"product-group-button-meta\"><div class=\"loop-add-to-cart\"><a href=\"https:\/\/www.les-detecteurs.com\/en\/product\/x-terra-pro\/\" data-quantity=\"1\" class=\"button product_type_simple\" data-product_id=\"10596\" data-product_sku=\"\" aria-label=\"Read more about &ldquo;X-TERRA PRO&rdquo;\" rel=\"nofollow\" data-success_message=\"\"><span class=\"ts-tooltip button-tooltip\">Read more<\/span><\/a><\/div><\/div>\t\t<\/div>\r\n\t<\/div>\r\n<\/section><\/div>\t\t\t\t\n\t\t\t<\/div>\n\t\t\t\n\t\t\t\t\t\t\n\t\t<\/div>\n\t\t\t\t\t\t<\/div>\n\t\t\t\t<\/div>\n\t\t\t\t\t<\/div>\n\t\t\t\t<\/div>\n\t\t\t\t<\/div>\n\t\t","protected":false},"excerpt":{"rendered":"<p>Hot Aper\u00e7u Cat\u00e9gories: Home, Metal detectors Vanquish 340 Lire la suite Aper\u00e7u Cat\u00e9gories: Geophysical devices, Home, Metal detectors GOLD HUNTER SMART Lire la suite Hot Aper\u00e7u Cat\u00e9gories: Home, Metal detectors The Legend Lire la suite Hot Aper\u00e7u Cat\u00e9gories: Home, Metal detectors ACE 250 Lire la suite Aper\u00e7u Cat\u00e9gories: Home, Metal detectors ORX Lire la suite [&hellip;]<\/p>\n","protected":false},"author":1,"featured_media":0,"parent":0,"menu_order":0,"comment_status":"closed","ping_status":"closed","template":"","meta":{"footnotes":""},"class_list":["post-10408","page","type-page","status-publish","hentry"],"yoast_head":"<!-- This site is optimized with the Yoast SEO plugin v26.5 - https:\/\/yoast.com\/wordpress\/plugins\/seo\/ -->\n<title>Home - Dricoleg SARL<\/title>\n<meta name=\"robots\" content=\"index, follow, max-snippet:-1, max-image-preview:large, max-video-preview:-1\" \/>\n<link rel=\"canonical\" href=\"https:\/\/www.les-detecteurs.com\/en\/\" \/>\n<meta property=\"og:locale\" content=\"en_US\" \/>\n<meta property=\"og:type\" content=\"article\" \/>\n<meta property=\"og:title\" content=\"Home - Dricoleg SARL\" \/>\n<meta property=\"og:description\" content=\"Hot Aper\u00e7u Cat\u00e9gories: Home, Metal detectors Vanquish 340 Lire la suite Aper\u00e7u Cat\u00e9gories: Geophysical devices, Home, Metal detectors GOLD HUNTER SMART Lire la suite Hot Aper\u00e7u Cat\u00e9gories: Home, Metal detectors The Legend Lire la suite Hot Aper\u00e7u Cat\u00e9gories: Home, Metal detectors ACE 250 Lire la suite Aper\u00e7u Cat\u00e9gories: Home, Metal detectors ORX Lire la suite [&hellip;]\" \/>\n<meta property=\"og:url\" content=\"https:\/\/www.les-detecteurs.com\/en\/\" \/>\n<meta property=\"og:site_name\" content=\"Dricoleg SARL\" \/>\n<meta property=\"article:publisher\" content=\"https:\/\/www.facebook.com\/Les.Detecteurs\/\" \/>\n<meta property=\"article:modified_time\" content=\"2025-08-26T07:38:37+00:00\" \/>\n<meta property=\"og:image\" content=\"https:\/\/www.les-detecteurs.com\/wp-content\/uploads\/2023\/11\/nokta-180x60.png\" \/>\n<meta name=\"twitter:card\" content=\"summary_large_image\" \/>\n<meta name=\"twitter:label1\" content=\"Est. reading time\" \/>\n\t<meta name=\"twitter:data1\" content=\"19 minutes\" \/>\n<script type=\"application\/ld+json\" class=\"yoast-schema-graph\">{\"@context\":\"https:\/\/schema.org\",\"@graph\":[{\"@type\":\"WebPage\",\"@id\":\"https:\/\/www.les-detecteurs.com\/en\/\",\"url\":\"https:\/\/www.les-detecteurs.com\/en\/\",\"name\":\"Home - Dricoleg SARL\",\"isPartOf\":{\"@id\":\"https:\/\/www.les-detecteurs.com\/en\/#website\"},\"primaryImageOfPage\":{\"@id\":\"https:\/\/www.les-detecteurs.com\/en\/#primaryimage\"},\"image\":{\"@id\":\"https:\/\/www.les-detecteurs.com\/en\/#primaryimage\"},\"thumbnailUrl\":\"https:\/\/www.les-detecteurs.com\/wp-content\/uploads\/2023\/11\/nokta-180x60.png\",\"datePublished\":\"2021-05-24T08:03:13+00:00\",\"dateModified\":\"2025-08-26T07:38:37+00:00\",\"breadcrumb\":{\"@id\":\"https:\/\/www.les-detecteurs.com\/en\/#breadcrumb\"},\"inLanguage\":\"en-US\",\"potentialAction\":[{\"@type\":\"ReadAction\",\"target\":[\"https:\/\/www.les-detecteurs.com\/en\/\"]}]},{\"@type\":\"ImageObject\",\"inLanguage\":\"en-US\",\"@id\":\"https:\/\/www.les-detecteurs.com\/en\/#primaryimage\",\"url\":\"https:\/\/www.les-detecteurs.com\/wp-content\/uploads\/2023\/11\/nokta-180x60.png\",\"contentUrl\":\"https:\/\/www.les-detecteurs.com\/wp-content\/uploads\/2023\/11\/nokta-180x60.png\"},{\"@type\":\"BreadcrumbList\",\"@id\":\"https:\/\/www.les-detecteurs.com\/en\/#breadcrumb\",\"itemListElement\":[{\"@type\":\"ListItem\",\"position\":1,\"name\":\"Accueil\",\"item\":\"https:\/\/www.les-detecteurs.com\/en\/\"},{\"@type\":\"ListItem\",\"position\":2,\"name\":\"Home\"}]},{\"@type\":\"WebSite\",\"@id\":\"https:\/\/www.les-detecteurs.com\/en\/#website\",\"url\":\"https:\/\/www.les-detecteurs.com\/en\/\",\"name\":\"Dricoleg SARL\",\"description\":\"Boutique de d\u00e9tecteur de m\u00e9taux N\u00b01 \u00e0 Bizerte en Tunisie\",\"publisher\":{\"@id\":\"https:\/\/www.les-detecteurs.com\/en\/#organization\"},\"potentialAction\":[{\"@type\":\"SearchAction\",\"target\":{\"@type\":\"EntryPoint\",\"urlTemplate\":\"https:\/\/www.les-detecteurs.com\/en\/?s={search_term_string}\"},\"query-input\":{\"@type\":\"PropertyValueSpecification\",\"valueRequired\":true,\"valueName\":\"search_term_string\"}}],\"inLanguage\":\"en-US\"},{\"@type\":\"Organization\",\"@id\":\"https:\/\/www.les-detecteurs.com\/en\/#organization\",\"name\":\"Dricoleg SARL\",\"url\":\"https:\/\/www.les-detecteurs.com\/en\/\",\"logo\":{\"@type\":\"ImageObject\",\"inLanguage\":\"en-US\",\"@id\":\"https:\/\/www.les-detecteurs.com\/en\/#\/schema\/logo\/image\/\",\"url\":\"https:\/\/www.les-detecteurs.com\/wp-content\/uploads\/2024\/07\/logo_dricoleg_final.png\",\"contentUrl\":\"https:\/\/www.les-detecteurs.com\/wp-content\/uploads\/2024\/07\/logo_dricoleg_final.png\",\"width\":280,\"height\":76,\"caption\":\"Dricoleg SARL\"},\"image\":{\"@id\":\"https:\/\/www.les-detecteurs.com\/en\/#\/schema\/logo\/image\/\"},\"sameAs\":[\"https:\/\/www.facebook.com\/Les.Detecteurs\/\"]}]}<\/script>\n<!-- \/ Yoast SEO plugin. -->","yoast_head_json":{"title":"Home - Dricoleg SARL","robots":{"index":"index","follow":"follow","max-snippet":"max-snippet:-1","max-image-preview":"max-image-preview:large","max-video-preview":"max-video-preview:-1"},"canonical":"https:\/\/www.les-detecteurs.com\/en\/","og_locale":"en_US","og_type":"article","og_title":"Home - Dricoleg SARL","og_description":"Hot Aper\u00e7u Cat\u00e9gories: Home, Metal detectors Vanquish 340 Lire la suite Aper\u00e7u Cat\u00e9gories: Geophysical devices, Home, Metal detectors GOLD HUNTER SMART Lire la suite Hot Aper\u00e7u Cat\u00e9gories: Home, Metal detectors The Legend Lire la suite Hot Aper\u00e7u Cat\u00e9gories: Home, Metal detectors ACE 250 Lire la suite Aper\u00e7u Cat\u00e9gories: Home, Metal detectors ORX Lire la suite [&hellip;]","og_url":"https:\/\/www.les-detecteurs.com\/en\/","og_site_name":"Dricoleg SARL","article_publisher":"https:\/\/www.facebook.com\/Les.Detecteurs\/","article_modified_time":"2025-08-26T07:38:37+00:00","og_image":[{"url":"https:\/\/www.les-detecteurs.com\/wp-content\/uploads\/2023\/11\/nokta-180x60.png","type":"","width":"","height":""}],"twitter_card":"summary_large_image","twitter_misc":{"Est. reading time":"19 minutes"},"schema":{"@context":"https:\/\/schema.org","@graph":[{"@type":"WebPage","@id":"https:\/\/www.les-detecteurs.com\/en\/","url":"https:\/\/www.les-detecteurs.com\/en\/","name":"Home - Dricoleg SARL","isPartOf":{"@id":"https:\/\/www.les-detecteurs.com\/en\/#website"},"primaryImageOfPage":{"@id":"https:\/\/www.les-detecteurs.com\/en\/#primaryimage"},"image":{"@id":"https:\/\/www.les-detecteurs.com\/en\/#primaryimage"},"thumbnailUrl":"https:\/\/www.les-detecteurs.com\/wp-content\/uploads\/2023\/11\/nokta-180x60.png","datePublished":"2021-05-24T08:03:13+00:00","dateModified":"2025-08-26T07:38:37+00:00","breadcrumb":{"@id":"https:\/\/www.les-detecteurs.com\/en\/#breadcrumb"},"inLanguage":"en-US","potentialAction":[{"@type":"ReadAction","target":["https:\/\/www.les-detecteurs.com\/en\/"]}]},{"@type":"ImageObject","inLanguage":"en-US","@id":"https:\/\/www.les-detecteurs.com\/en\/#primaryimage","url":"https:\/\/www.les-detecteurs.com\/wp-content\/uploads\/2023\/11\/nokta-180x60.png","contentUrl":"https:\/\/www.les-detecteurs.com\/wp-content\/uploads\/2023\/11\/nokta-180x60.png"},{"@type":"BreadcrumbList","@id":"https:\/\/www.les-detecteurs.com\/en\/#breadcrumb","itemListElement":[{"@type":"ListItem","position":1,"name":"Accueil","item":"https:\/\/www.les-detecteurs.com\/en\/"},{"@type":"ListItem","position":2,"name":"Home"}]},{"@type":"WebSite","@id":"https:\/\/www.les-detecteurs.com\/en\/#website","url":"https:\/\/www.les-detecteurs.com\/en\/","name":"Dricoleg SARL","description":"Boutique de d\u00e9tecteur de m\u00e9taux N\u00b01 \u00e0 Bizerte en Tunisie","publisher":{"@id":"https:\/\/www.les-detecteurs.com\/en\/#organization"},"potentialAction":[{"@type":"SearchAction","target":{"@type":"EntryPoint","urlTemplate":"https:\/\/www.les-detecteurs.com\/en\/?s={search_term_string}"},"query-input":{"@type":"PropertyValueSpecification","valueRequired":true,"valueName":"search_term_string"}}],"inLanguage":"en-US"},{"@type":"Organization","@id":"https:\/\/www.les-detecteurs.com\/en\/#organization","name":"Dricoleg SARL","url":"https:\/\/www.les-detecteurs.com\/en\/","logo":{"@type":"ImageObject","inLanguage":"en-US","@id":"https:\/\/www.les-detecteurs.com\/en\/#\/schema\/logo\/image\/","url":"https:\/\/www.les-detecteurs.com\/wp-content\/uploads\/2024\/07\/logo_dricoleg_final.png","contentUrl":"https:\/\/www.les-detecteurs.com\/wp-content\/uploads\/2024\/07\/logo_dricoleg_final.png","width":280,"height":76,"caption":"Dricoleg SARL"},"image":{"@id":"https:\/\/www.les-detecteurs.com\/en\/#\/schema\/logo\/image\/"},"sameAs":["https:\/\/www.facebook.com\/Les.Detecteurs\/"]}]}},"_links":{"self":[{"href":"https:\/\/www.les-detecteurs.com\/en\/wp-json\/wp\/v2\/pages\/10408","targetHints":{"allow":["GET"]}}],"collection":[{"href":"https:\/\/www.les-detecteurs.com\/en\/wp-json\/wp\/v2\/pages"}],"about":[{"href":"https:\/\/www.les-detecteurs.com\/en\/wp-json\/wp\/v2\/types\/page"}],"author":[{"embeddable":true,"href":"https:\/\/www.les-detecteurs.com\/en\/wp-json\/wp\/v2\/users\/1"}],"replies":[{"embeddable":true,"href":"https:\/\/www.les-detecteurs.com\/en\/wp-json\/wp\/v2\/comments?post=10408"}],"version-history":[{"count":35,"href":"https:\/\/www.les-detecteurs.com\/en\/wp-json\/wp\/v2\/pages\/10408\/revisions"}],"predecessor-version":[{"id":20951,"href":"https:\/\/www.les-detecteurs.com\/en\/wp-json\/wp\/v2\/pages\/10408\/revisions\/20951"}],"wp:attachment":[{"href":"https:\/\/www.les-detecteurs.com\/en\/wp-json\/wp\/v2\/media?parent=10408"}],"curies":[{"name":"wp","href":"https:\/\/api.w.org\/{rel}","templated":true}]}}